{"id":10963,"date":"2020-01-10T16:19:26","date_gmt":"2020-01-10T15:19:26","guid":{"rendered":"https:\/\/www.davackizavozila.mk\/?page_id=10963"},"modified":"2020-01-10T16:27:29","modified_gmt":"2020-01-10T15:27:29","slug":"%d1%88%d0%bf%d0%b5%d0%b4%d0%b8%d1%86%d0%b8%d1%98%d0%b0-%d0%b0%d0%bb","status":"publish","type":"page","link":"https:\/\/www.davackizavozila.mk\/?page_id=10963&lang=sq","title":{"rendered":"\u0448\u043f\u0435\u0434\u0438\u0446\u0438\u0458\u0430-\u0430\u043b"},"content":{"rendered":"<div class=\"row \"><div class=\"wpv-grid grid-1-1  wpv-first-level first unextended\" style=\"padding-top:0px;padding-bottom:0px\" id=\"wpv-column-98997d6f53e256ea2cea8137b14c2660\" ><div class=\"row \"><div class=\"wpv-grid grid-1-1  first unextended\" style=\"padding-top:0px;padding-bottom:0px\" id=\"wpv-column-c068b0a9c94131dd34ef990d12eeb918\" ><h2>P\u00ebrfaq\u00ebsimi para autoritetit doganor<\/h2>\n<p>Ligji p\u00ebr Kryerjen e P\u00ebrfaq\u00ebsimit n\u00eb Procedurat Doganore rregullon kushtet dhe procedur\u00ebn e p\u00ebrfaq\u00ebsimit para autoriteteve doganore me q\u00ebllim t\u00eb kryerjes s\u00eb veprimtarive dhe formaliteteve p\u00ebr zhdoganimin e mallrave. Aktivitetet e p\u00ebrfaq\u00ebsimit n\u00eb procedurat doganore mund t\u00eb kryhen nga nj\u00eb kompani ose pronar i vet\u00ebm i cili i plot\u00ebson kushtet e p\u00ebrcaktuara me ligj dhe ka autorizim p\u00ebr t\u00eb kryer aktivitete p\u00ebrfaq\u00ebsimi n\u00eb procedurat doganore.<br \/>\nEkzistojn\u00eb dy lloje p\u00ebrfaq\u00ebsimi p\u00ebrpara nj\u00eb autoriteti doganor:<\/p>\n<ul>\n<li>Direkt, kur agjenti nd\u00ebrmerr veprime n\u00eb em\u00ebr dhe n\u00eb em\u00ebr t\u00eb nj\u00eb personi tjet\u00ebr, ose<\/li>\n<li>N\u00eb m\u00ebnyr\u00eb indirekte, kur agjenti nd\u00ebrmerr veprime n\u00eb em\u00ebr t\u00eb tij, por n\u00eb em\u00ebr t\u00eb nj\u00eb personi tjet\u00ebr.<\/li>\n<\/ul>\n<p>Kjo do t\u00eb thot\u00eb q\u00eb n\u00ebse i jepni agjentit autorizim t\u00eb drejtp\u00ebrdrejt\u00eb p\u00ebr t\u00eb p\u00ebrfaq\u00ebsuar autoritetin doganor, ju jeni p\u00ebrgjegj\u00ebs p\u00ebr \u00e7do parregullsi n\u00eb procedur\u00eb. N\u00ebse i jepni p\u00ebrfaq\u00ebsuesit indirekt autorizimin p\u00ebr t\u00eb p\u00ebrfaq\u00ebsuar autoritetin doganor, p\u00ebrfaq\u00ebsuesi \u00ebsht\u00eb p\u00ebrgjegj\u00ebs p\u00ebr \u00e7do parregullsi n\u00eb procedur\u00eb.<\/p>\n<p>Dor\u00ebzimi i nj\u00eb autorizmi te autoriteti doganor duhet t\u00eb p\u00ebrfshij\u00eb veprimet e m\u00ebposhtme:<\/p>\n<ul>\n<li>Ju duhet t&#8217;i jepni agjentit nj\u00eb deklarat\u00eb ose p\u00eblqim q\u00eb d\u00ebshironi q\u00eb ata t&#8217;ju p\u00ebrfaq\u00ebsojn\u00eb,<\/li>\n<li>Ju duhet t\u00eb tregoni n\u00ebse p\u00ebrfaq\u00ebsimi do t\u00eb jet\u00eb i drejtp\u00ebrdrejt\u00eb ose i t\u00ebrthort\u00eb;<\/li>\n<\/ul>\n<h3><strong>Ne p\u00ebrfaq\u00ebsojm\u00eb procedurat doganore n\u00eb t\u00eb gjith\u00eb territorin e R Maqedoni n\u00eb t\u00eb gjitha zyrat doganore.<\/strong><\/h3>\n<h3>K\u00ebtu ju shkoni.<\/h3>\n<h3>\u041aontakt:: 072\/77 21 21<\/h3>\n<p>\u041f.\u0421.<\/p>\n<p>N\u00ebse keni p\u00ebrdorur sh\u00ebrbimin ton\u00eb t\u00eb k\u00ebrkimit t\u00eb detyrave p\u00ebr automjetin tuaj, dhe na jepni besimin p\u00ebr t&#8217;ju p\u00ebrfaq\u00ebsuar n\u00eb dogan\u00eb, at\u00ebher\u00eb shuma q\u00eb keni paguar do t\u00eb zbritet nga detyrimi q\u00eb duhet t\u00eb paguani p\u00ebr d\u00ebrgimin e mallrave.<\/p>\n<p>Shembull: Sh\u00ebrbimi i Transportit t\u00eb Transportit 2500 denar\u00eb &#8211; tarifat e automjetit 300 denar\u00eb = ju do t\u00eb paguani vet\u00ebm 2200 denar\u00eb.<\/div><\/div><\/div><\/div>\n","protected":false},"excerpt":{"rendered":"<p>P\u00ebrfaq\u00ebsimi para autoritetit doganor Ligji p\u00ebr Kryerjen e P\u00ebrfaq\u00ebsimit n\u00eb Procedurat Doganore rregullon kushtet dhe procedur\u00ebn e p\u00ebrfaq\u00ebsimit para autoriteteve doganore me q\u00ebllim t\u00eb kryerjes s\u00eb veprimtarive dhe formaliteteve p\u00ebr zhdoganimin e mallrave. Aktivitetet e p\u00ebrfaq\u00ebsimit n\u00eb procedurat doganore mund t\u00eb kryhen nga nj\u00eb kompani ose pronar i vet\u00ebm i cili i plot\u00ebson kushtet e&#8230;<\/p>\n","protected":false},"author":1,"featured_media":0,"parent":0,"menu_order":0,"comment_status":"closed","ping_status":"closed","template":"","meta":{"footnotes":""},"class_list":["post-10963","page","type-page","status-publish","hentry"],"yoast_head":"<!-- This site is optimized with the Yoast SEO plugin v19.14 - https:\/\/yoast.com\/wordpress\/plugins\/seo\/ -->\n<title>\u0448\u043f\u0435\u0434\u0438\u0446\u0438\u0458\u0430-\u0430\u043b - davackizavozila - \u043e\u0444\u0438\u0446\u0438\u0458\u0430\u043b\u043d\u0430 \u0432\u0435\u0431 \u0441\u0442\u0440\u0430\u043d\u0438\u0446\u0430<\/title>\n<meta name=\"robots\" content=\"index, follow, max-snippet:-1, max-image-preview:large, max-video-preview:-1\" \/>\n<link rel=\"canonical\" href=\"https:\/\/www.davackizavozila.mk\/?page_id=10963&lang=sq\" \/>\n<meta property=\"og:locale\" content=\"mk_MK\" \/>\n<meta property=\"og:type\" content=\"article\" \/>\n<meta property=\"og:title\" content=\"\u0448\u043f\u0435\u0434\u0438\u0446\u0438\u0458\u0430-\u0430\u043b - davackizavozila - \u043e\u0444\u0438\u0446\u0438\u0458\u0430\u043b\u043d\u0430 \u0432\u0435\u0431 \u0441\u0442\u0440\u0430\u043d\u0438\u0446\u0430\" \/>\n<meta property=\"og:description\" content=\"P\u00ebrfaq\u00ebsimi para autoritetit doganor Ligji p\u00ebr Kryerjen e P\u00ebrfaq\u00ebsimit n\u00eb Procedurat Doganore rregullon kushtet dhe procedur\u00ebn e p\u00ebrfaq\u00ebsimit para autoriteteve doganore me q\u00ebllim t\u00eb kryerjes s\u00eb veprimtarive dhe formaliteteve p\u00ebr zhdoganimin e mallrave. Aktivitetet e p\u00ebrfaq\u00ebsimit n\u00eb procedurat doganore mund t\u00eb kryhen nga nj\u00eb kompani ose pronar i vet\u00ebm i cili i plot\u00ebson kushtet e...\" \/>\n<meta property=\"og:url\" content=\"https:\/\/www.davackizavozila.mk\/?page_id=10963&amp;lang=sq\" \/>\n<meta property=\"og:site_name\" content=\"davackizavozila - \u043e\u0444\u0438\u0446\u0438\u0458\u0430\u043b\u043d\u0430 \u0432\u0435\u0431 \u0441\u0442\u0440\u0430\u043d\u0438\u0446\u0430\" \/>\n<meta property=\"article:modified_time\" content=\"2020-01-10T15:27:29+00:00\" \/>\n<meta name=\"twitter:card\" content=\"summary_large_image\" \/>\n<meta name=\"twitter:label1\" content=\"Est. reading time\" \/>\n\t<meta name=\"twitter:data1\" content=\"2 \u043c\u0438\u043d\u0443\u0442\u0438\" \/>\n<script type=\"application\/ld+json\" class=\"yoast-schema-graph\">{\"@context\":\"https:\/\/schema.org\",\"@graph\":[{\"@type\":\"WebPage\",\"@id\":\"https:\/\/www.davackizavozila.mk\/?page_id=10963&lang=sq\",\"url\":\"https:\/\/www.davackizavozila.mk\/?page_id=10963&lang=sq\",\"name\":\"\u0448\u043f\u0435\u0434\u0438\u0446\u0438\u0458\u0430-\u0430\u043b - davackizavozila - \u043e\u0444\u0438\u0446\u0438\u0458\u0430\u043b\u043d\u0430 \u0432\u0435\u0431 \u0441\u0442\u0440\u0430\u043d\u0438\u0446\u0430\",\"isPartOf\":{\"@id\":\"https:\/\/www.davackizavozila.mk\/#website\"},\"datePublished\":\"2020-01-10T15:19:26+00:00\",\"dateModified\":\"2020-01-10T15:27:29+00:00\",\"breadcrumb\":{\"@id\":\"https:\/\/www.davackizavozila.mk\/?page_id=10963&lang=sq#breadcrumb\"},\"inLanguage\":\"mk-MK\",\"potentialAction\":[{\"@type\":\"ReadAction\",\"target\":[\"https:\/\/www.davackizavozila.mk\/?page_id=10963&lang=sq\"]}]},{\"@type\":\"BreadcrumbList\",\"@id\":\"https:\/\/www.davackizavozila.mk\/?page_id=10963&lang=sq#breadcrumb\",\"itemListElement\":[{\"@type\":\"ListItem\",\"position\":1,\"name\":\"Home\",\"item\":\"https:\/\/www.davackizavozila.mk\/\"},{\"@type\":\"ListItem\",\"position\":2,\"name\":\"\u0448\u043f\u0435\u0434\u0438\u0446\u0438\u0458\u0430-\u0430\u043b\"}]},{\"@type\":\"WebSite\",\"@id\":\"https:\/\/www.davackizavozila.mk\/#website\",\"url\":\"https:\/\/www.davackizavozila.mk\/\",\"name\":\"davackizavozila - \u043e\u0444\u0438\u0446\u0438\u0458\u0430\u043b\u043d\u0430 \u0432\u0435\u0431 \u0441\u0442\u0440\u0430\u043d\u0438\u0446\u0430\",\"description\":\"\u041d\u0430\u0458\u0442\u043e\u0447\u043d\u0430 \u043f\u0440\u0435\u0441\u043c\u0435\u0442\u043a\u0430 \u043d\u0430 \u0446\u0430\u0440\u0438\u043d\u0430 \u0437\u0430 \u0432\u043e\u0437\u0438\u043b\u0430 \u043e\u0434 \u0443\u0432\u043e\u0437 \u043f\u043e \u0413\u0435\u0440\u043c\u0430\u043d\u0441\u043a\u0438 Schwacke \u043a\u0430\u0442\u0430\u043b\u043e\u0433\",\"publisher\":{\"@id\":\"https:\/\/www.davackizavozila.mk\/#organization\"},\"potentialAction\":[{\"@type\":\"SearchAction\",\"target\":{\"@type\":\"EntryPoint\",\"urlTemplate\":\"https:\/\/www.davackizavozila.mk\/?s={search_term_string}\"},\"query-input\":\"required name=search_term_string\"}],\"inLanguage\":\"mk-MK\"},{\"@type\":\"Organization\",\"@id\":\"https:\/\/www.davackizavozila.mk\/#organization\",\"name\":\"BB Gros Dooel\",\"url\":\"https:\/\/www.davackizavozila.mk\/\",\"logo\":{\"@type\":\"ImageObject\",\"inLanguage\":\"mk-MK\",\"@id\":\"https:\/\/www.davackizavozila.mk\/#\/schema\/logo\/image\/\",\"url\":\"https:\/\/www.davackizavozila.mk\/wp-content\/uploads\/2021\/03\/bb-gros-logo-footer.png\",\"contentUrl\":\"https:\/\/www.davackizavozila.mk\/wp-content\/uploads\/2021\/03\/bb-gros-logo-footer.png\",\"width\":269,\"height\":96,\"caption\":\"BB Gros Dooel\"},\"image\":{\"@id\":\"https:\/\/www.davackizavozila.mk\/#\/schema\/logo\/image\/\"}}]}<\/script>\n<!-- \/ Yoast SEO plugin. -->","yoast_head_json":{"title":"\u0448\u043f\u0435\u0434\u0438\u0446\u0438\u0458\u0430-\u0430\u043b - davackizavozila - \u043e\u0444\u0438\u0446\u0438\u0458\u0430\u043b\u043d\u0430 \u0432\u0435\u0431 \u0441\u0442\u0440\u0430\u043d\u0438\u0446\u0430","robots":{"index":"index","follow":"follow","max-snippet":"max-snippet:-1","max-image-preview":"max-image-preview:large","max-video-preview":"max-video-preview:-1"},"canonical":"https:\/\/www.davackizavozila.mk\/?page_id=10963&lang=sq","og_locale":"mk_MK","og_type":"article","og_title":"\u0448\u043f\u0435\u0434\u0438\u0446\u0438\u0458\u0430-\u0430\u043b - davackizavozila - \u043e\u0444\u0438\u0446\u0438\u0458\u0430\u043b\u043d\u0430 \u0432\u0435\u0431 \u0441\u0442\u0440\u0430\u043d\u0438\u0446\u0430","og_description":"P\u00ebrfaq\u00ebsimi para autoritetit doganor Ligji p\u00ebr Kryerjen e P\u00ebrfaq\u00ebsimit n\u00eb Procedurat Doganore rregullon kushtet dhe procedur\u00ebn e p\u00ebrfaq\u00ebsimit para autoriteteve doganore me q\u00ebllim t\u00eb kryerjes s\u00eb veprimtarive dhe formaliteteve p\u00ebr zhdoganimin e mallrave. Aktivitetet e p\u00ebrfaq\u00ebsimit n\u00eb procedurat doganore mund t\u00eb kryhen nga nj\u00eb kompani ose pronar i vet\u00ebm i cili i plot\u00ebson kushtet e...","og_url":"https:\/\/www.davackizavozila.mk\/?page_id=10963&lang=sq","og_site_name":"davackizavozila - \u043e\u0444\u0438\u0446\u0438\u0458\u0430\u043b\u043d\u0430 \u0432\u0435\u0431 \u0441\u0442\u0440\u0430\u043d\u0438\u0446\u0430","article_modified_time":"2020-01-10T15:27:29+00:00","twitter_card":"summary_large_image","twitter_misc":{"Est. reading time":"2 \u043c\u0438\u043d\u0443\u0442\u0438"},"schema":{"@context":"https:\/\/schema.org","@graph":[{"@type":"WebPage","@id":"https:\/\/www.davackizavozila.mk\/?page_id=10963&lang=sq","url":"https:\/\/www.davackizavozila.mk\/?page_id=10963&lang=sq","name":"\u0448\u043f\u0435\u0434\u0438\u0446\u0438\u0458\u0430-\u0430\u043b - davackizavozila - \u043e\u0444\u0438\u0446\u0438\u0458\u0430\u043b\u043d\u0430 \u0432\u0435\u0431 \u0441\u0442\u0440\u0430\u043d\u0438\u0446\u0430","isPartOf":{"@id":"https:\/\/www.davackizavozila.mk\/#website"},"datePublished":"2020-01-10T15:19:26+00:00","dateModified":"2020-01-10T15:27:29+00:00","breadcrumb":{"@id":"https:\/\/www.davackizavozila.mk\/?page_id=10963&lang=sq#breadcrumb"},"inLanguage":"mk-MK","potentialAction":[{"@type":"ReadAction","target":["https:\/\/www.davackizavozila.mk\/?page_id=10963&lang=sq"]}]},{"@type":"BreadcrumbList","@id":"https:\/\/www.davackizavozila.mk\/?page_id=10963&lang=sq#breadcrumb","itemListElement":[{"@type":"ListItem","position":1,"name":"Home","item":"https:\/\/www.davackizavozila.mk\/"},{"@type":"ListItem","position":2,"name":"\u0448\u043f\u0435\u0434\u0438\u0446\u0438\u0458\u0430-\u0430\u043b"}]},{"@type":"WebSite","@id":"https:\/\/www.davackizavozila.mk\/#website","url":"https:\/\/www.davackizavozila.mk\/","name":"davackizavozila - \u043e\u0444\u0438\u0446\u0438\u0458\u0430\u043b\u043d\u0430 \u0432\u0435\u0431 \u0441\u0442\u0440\u0430\u043d\u0438\u0446\u0430","description":"\u041d\u0430\u0458\u0442\u043e\u0447\u043d\u0430 \u043f\u0440\u0435\u0441\u043c\u0435\u0442\u043a\u0430 \u043d\u0430 \u0446\u0430\u0440\u0438\u043d\u0430 \u0437\u0430 \u0432\u043e\u0437\u0438\u043b\u0430 \u043e\u0434 \u0443\u0432\u043e\u0437 \u043f\u043e \u0413\u0435\u0440\u043c\u0430\u043d\u0441\u043a\u0438 Schwacke \u043a\u0430\u0442\u0430\u043b\u043e\u0433","publisher":{"@id":"https:\/\/www.davackizavozila.mk\/#organization"},"potentialAction":[{"@type":"SearchAction","target":{"@type":"EntryPoint","urlTemplate":"https:\/\/www.davackizavozila.mk\/?s={search_term_string}"},"query-input":"required name=search_term_string"}],"inLanguage":"mk-MK"},{"@type":"Organization","@id":"https:\/\/www.davackizavozila.mk\/#organization","name":"BB Gros Dooel","url":"https:\/\/www.davackizavozila.mk\/","logo":{"@type":"ImageObject","inLanguage":"mk-MK","@id":"https:\/\/www.davackizavozila.mk\/#\/schema\/logo\/image\/","url":"https:\/\/www.davackizavozila.mk\/wp-content\/uploads\/2021\/03\/bb-gros-logo-footer.png","contentUrl":"https:\/\/www.davackizavozila.mk\/wp-content\/uploads\/2021\/03\/bb-gros-logo-footer.png","width":269,"height":96,"caption":"BB Gros Dooel"},"image":{"@id":"https:\/\/www.davackizavozila.mk\/#\/schema\/logo\/image\/"}}]}},"_links":{"self":[{"href":"https:\/\/www.davackizavozila.mk\/index.php?rest_route=\/wp\/v2\/pages\/10963","targetHints":{"allow":["GET"]}}],"collection":[{"href":"https:\/\/www.davackizavozila.mk\/index.php?rest_route=\/wp\/v2\/pages"}],"about":[{"href":"https:\/\/www.davackizavozila.mk\/index.php?rest_route=\/wp\/v2\/types\/page"}],"author":[{"embeddable":true,"href":"https:\/\/www.davackizavozila.mk\/index.php?rest_route=\/wp\/v2\/users\/1"}],"replies":[{"embeddable":true,"href":"https:\/\/www.davackizavozila.mk\/index.php?rest_route=%2Fwp%2Fv2%2Fcomments&post=10963"}],"version-history":[{"count":3,"href":"https:\/\/www.davackizavozila.mk\/index.php?rest_route=\/wp\/v2\/pages\/10963\/revisions"}],"predecessor-version":[{"id":10966,"href":"https:\/\/www.davackizavozila.mk\/index.php?rest_route=\/wp\/v2\/pages\/10963\/revisions\/10966"}],"wp:attachment":[{"href":"https:\/\/www.davackizavozila.mk\/index.php?rest_route=%2Fwp%2Fv2%2Fmedia&parent=10963"}],"curies":[{"name":"wp","href":"https:\/\/api.w.org\/{rel}","templated":true}]}}