{"id":10941,"date":"2020-01-10T14:39:46","date_gmt":"2020-01-10T13:39:46","guid":{"rendered":"https:\/\/www.davackizavozila.mk\/?post_type=product&#038;p=10941"},"modified":"2024-01-04T10:29:21","modified_gmt":"2024-01-04T09:29:21","slug":"avtomobili-al","status":"publish","type":"product","link":"https:\/\/www.davackizavozila.mk\/?product=avtomobili-al&lang=sq","title":{"rendered":"MAKINA"},"content":{"rendered":"<div class=\"row \"><div class=\"wpv-grid grid-1-1  wpv-first-level first unextended\" style=\"padding-top:0px;padding-bottom:0px\" id=\"wpv-column-a0aea620f901cd023025f520c78af760\" ><\/div><\/div>\n<div class=\"row \"><div class=\"wpv-grid grid-1-1  wpv-first-level first unextended\" style=\"padding-top:0px;padding-bottom:0px\" id=\"wpv-column-7f9b1eac4ede7794c1849aa2e062b233\" ><\/div><\/div>\n<div class=\"row \"><div class=\"wpv-grid grid-1-1  wpv-first-level first unextended\" style=\"padding-top:0px;padding-bottom:0px\" id=\"wpv-column-54e7e2c308273c00837fe9b8db4a1203\" ><\/div><\/div>\n<div class=\"row \"><div class=\"wpv-grid grid-1-1  wpv-first-level first unextended\" style=\"padding-top:0px;padding-bottom:0px\" id=\"wpv-column-cfe8cbb0251f881295cbbfab77b0a162\" ><\/div><\/div>\n","protected":false},"excerpt":{"rendered":"<p>N\u00ebse jeni t\u00eb interesuar t\u00eb zbuloni se sa do t\u00eb kushtoj\u00eb p\u00ebr t\u00eb importuar nj\u00eb lloj t\u00eb caktuar makine ose kamioni, ju lutemi plot\u00ebsoni formularin m\u00eb posht\u00eb me t\u00eb gjitha informacionet e nevojshme p\u00ebr t\u00eb b\u00ebr\u00eb llogaritjen dhe p\u00ebr t\u00eb paguar 450 denar\u00eb me kart\u00eb krediti, do t\u00eb kontaktoheni sa m\u00eb shpejt q\u00eb t\u00eb jet\u00eb e mundur , p\u00ebrmes t\u00eb dh\u00ebnave tuaja q\u00eb keni l\u00ebn\u00eb n\u00eb rregull dhe do t&#8217;ju d\u00ebrgohet nj\u00eb llogaritje e plot\u00eb e importit t\u00eb automjetit t\u00eb interesit tuaj.<\/p>\n","protected":false},"featured_media":23237,"comment_status":"closed","ping_status":"closed","template":"","meta":[],"product_brand":[],"product_cat":[115],"product_tag":[],"class_list":{"0":"post-10941","1":"product","2":"type-product","3":"status-publish","4":"has-post-thumbnail","6":"product_cat-avtomobili-tovarni-vozila-al","8":"first","9":"instock","10":"virtual","11":"taxable","12":"purchasable","13":"product-type-simple"},"yoast_head":"<!-- This site is optimized with the Yoast SEO plugin v19.14 - https:\/\/yoast.com\/wordpress\/plugins\/seo\/ -->\n<title>MAKINA - davackizavozila - \u043e\u0444\u0438\u0446\u0438\u0458\u0430\u043b\u043d\u0430 \u0432\u0435\u0431 \u0441\u0442\u0440\u0430\u043d\u0438\u0446\u0430<\/title>\n<meta name=\"robots\" content=\"index, follow, max-snippet:-1, max-image-preview:large, max-video-preview:-1\" \/>\n<link rel=\"canonical\" href=\"https:\/\/www.davackizavozila.mk\/?product=avtomobili-al&lang=sq\" \/>\n<meta property=\"og:locale\" content=\"mk_MK\" \/>\n<meta property=\"og:type\" content=\"article\" \/>\n<meta property=\"og:title\" content=\"MAKINA - davackizavozila - \u043e\u0444\u0438\u0446\u0438\u0458\u0430\u043b\u043d\u0430 \u0432\u0435\u0431 \u0441\u0442\u0440\u0430\u043d\u0438\u0446\u0430\" \/>\n<meta property=\"og:description\" content=\"N\u00ebse jeni t\u00eb interesuar t\u00eb zbuloni se sa do t\u00eb kushtoj\u00eb p\u00ebr t\u00eb importuar nj\u00eb lloj t\u00eb caktuar makine ose kamioni, ju lutemi plot\u00ebsoni formularin m\u00eb posht\u00eb me t\u00eb gjitha informacionet e nevojshme p\u00ebr t\u00eb b\u00ebr\u00eb llogaritjen dhe p\u00ebr t\u00eb paguar 450 denar\u00eb me kart\u00eb krediti, do t\u00eb kontaktoheni sa m\u00eb shpejt q\u00eb t\u00eb jet\u00eb e mundur , p\u00ebrmes t\u00eb dh\u00ebnave tuaja q\u00eb keni l\u00ebn\u00eb n\u00eb rregull dhe do t&#039;ju d\u00ebrgohet nj\u00eb llogaritje e plot\u00eb e importit t\u00eb automjetit t\u00eb interesit tuaj.\" \/>\n<meta property=\"og:url\" content=\"https:\/\/www.davackizavozila.mk\/?product=avtomobili-al&amp;lang=sq\" \/>\n<meta property=\"og:site_name\" content=\"davackizavozila - \u043e\u0444\u0438\u0446\u0438\u0458\u0430\u043b\u043d\u0430 \u0432\u0435\u0431 \u0441\u0442\u0440\u0430\u043d\u0438\u0446\u0430\" \/>\n<meta property=\"article:modified_time\" content=\"2024-01-04T09:29:21+00:00\" \/>\n<meta property=\"og:image\" content=\"https:\/\/www.davackizavozila.mk\/wp-content\/uploads\/2020\/01\/auto-product-image-bb-01.jpg\" \/>\n\t<meta property=\"og:image:width\" content=\"500\" \/>\n\t<meta property=\"og:image:height\" content=\"386\" \/>\n\t<meta property=\"og:image:type\" content=\"image\/jpeg\" \/>\n<meta name=\"twitter:card\" content=\"summary_large_image\" \/>\n<meta name=\"twitter:label1\" content=\"Est. reading time\" \/>\n\t<meta name=\"twitter:data1\" content=\"1 \u043c\u0438\u043d\u0443\u0442\u0430\" \/>\n<script type=\"application\/ld+json\" class=\"yoast-schema-graph\">{\"@context\":\"https:\/\/schema.org\",\"@graph\":[{\"@type\":\"WebPage\",\"@id\":\"https:\/\/www.davackizavozila.mk\/?product=avtomobili-al&lang=sq\",\"url\":\"https:\/\/www.davackizavozila.mk\/?product=avtomobili-al&lang=sq\",\"name\":\"MAKINA - davackizavozila - \u043e\u0444\u0438\u0446\u0438\u0458\u0430\u043b\u043d\u0430 \u0432\u0435\u0431 \u0441\u0442\u0440\u0430\u043d\u0438\u0446\u0430\",\"isPartOf\":{\"@id\":\"https:\/\/www.davackizavozila.mk\/#website\"},\"datePublished\":\"2020-01-10T13:39:46+00:00\",\"dateModified\":\"2024-01-04T09:29:21+00:00\",\"breadcrumb\":{\"@id\":\"https:\/\/www.davackizavozila.mk\/?product=avtomobili-al&lang=sq#breadcrumb\"},\"inLanguage\":\"mk-MK\",\"potentialAction\":[{\"@type\":\"ReadAction\",\"target\":[\"https:\/\/www.davackizavozila.mk\/?product=avtomobili-al&lang=sq\"]}]},{\"@type\":\"BreadcrumbList\",\"@id\":\"https:\/\/www.davackizavozila.mk\/?product=avtomobili-al&lang=sq#breadcrumb\",\"itemListElement\":[{\"@type\":\"ListItem\",\"position\":1,\"name\":\"Home\",\"item\":\"https:\/\/www.davackizavozila.mk\/\"},{\"@type\":\"ListItem\",\"position\":2,\"name\":\"\u041e\u0434\u0431\u0435\u0440\u0438 \u0432\u043e\u0437\u0438\u043b\u043e\",\"item\":\"https:\/\/www.davackizavozila.mk\/?page_id=9640\"},{\"@type\":\"ListItem\",\"position\":3,\"name\":\"MAKINA\"}]},{\"@type\":\"WebSite\",\"@id\":\"https:\/\/www.davackizavozila.mk\/#website\",\"url\":\"https:\/\/www.davackizavozila.mk\/\",\"name\":\"davackizavozila - \u043e\u0444\u0438\u0446\u0438\u0458\u0430\u043b\u043d\u0430 \u0432\u0435\u0431 \u0441\u0442\u0440\u0430\u043d\u0438\u0446\u0430\",\"description\":\"\u041d\u0430\u0458\u0442\u043e\u0447\u043d\u0430 \u043f\u0440\u0435\u0441\u043c\u0435\u0442\u043a\u0430 \u043d\u0430 \u0446\u0430\u0440\u0438\u043d\u0430 \u0437\u0430 \u0432\u043e\u0437\u0438\u043b\u0430 \u043e\u0434 \u0443\u0432\u043e\u0437 \u043f\u043e \u0413\u0435\u0440\u043c\u0430\u043d\u0441\u043a\u0438 Schwacke \u043a\u0430\u0442\u0430\u043b\u043e\u0433\",\"publisher\":{\"@id\":\"https:\/\/www.davackizavozila.mk\/#organization\"},\"potentialAction\":[{\"@type\":\"SearchAction\",\"target\":{\"@type\":\"EntryPoint\",\"urlTemplate\":\"https:\/\/www.davackizavozila.mk\/?s={search_term_string}\"},\"query-input\":\"required name=search_term_string\"}],\"inLanguage\":\"mk-MK\"},{\"@type\":\"Organization\",\"@id\":\"https:\/\/www.davackizavozila.mk\/#organization\",\"name\":\"BB Gros Dooel\",\"url\":\"https:\/\/www.davackizavozila.mk\/\",\"logo\":{\"@type\":\"ImageObject\",\"inLanguage\":\"mk-MK\",\"@id\":\"https:\/\/www.davackizavozila.mk\/#\/schema\/logo\/image\/\",\"url\":\"https:\/\/www.davackizavozila.mk\/wp-content\/uploads\/2021\/03\/bb-gros-logo-footer.png\",\"contentUrl\":\"https:\/\/www.davackizavozila.mk\/wp-content\/uploads\/2021\/03\/bb-gros-logo-footer.png\",\"width\":269,\"height\":96,\"caption\":\"BB Gros Dooel\"},\"image\":{\"@id\":\"https:\/\/www.davackizavozila.mk\/#\/schema\/logo\/image\/\"}}]}<\/script>\n<!-- \/ Yoast SEO plugin. -->","yoast_head_json":{"title":"MAKINA - davackizavozila - \u043e\u0444\u0438\u0446\u0438\u0458\u0430\u043b\u043d\u0430 \u0432\u0435\u0431 \u0441\u0442\u0440\u0430\u043d\u0438\u0446\u0430","robots":{"index":"index","follow":"follow","max-snippet":"max-snippet:-1","max-image-preview":"max-image-preview:large","max-video-preview":"max-video-preview:-1"},"canonical":"https:\/\/www.davackizavozila.mk\/?product=avtomobili-al&lang=sq","og_locale":"mk_MK","og_type":"article","og_title":"MAKINA - davackizavozila - \u043e\u0444\u0438\u0446\u0438\u0458\u0430\u043b\u043d\u0430 \u0432\u0435\u0431 \u0441\u0442\u0440\u0430\u043d\u0438\u0446\u0430","og_description":"N\u00ebse jeni t\u00eb interesuar t\u00eb zbuloni se sa do t\u00eb kushtoj\u00eb p\u00ebr t\u00eb importuar nj\u00eb lloj t\u00eb caktuar makine ose kamioni, ju lutemi plot\u00ebsoni formularin m\u00eb posht\u00eb me t\u00eb gjitha informacionet e nevojshme p\u00ebr t\u00eb b\u00ebr\u00eb llogaritjen dhe p\u00ebr t\u00eb paguar 450 denar\u00eb me kart\u00eb krediti, do t\u00eb kontaktoheni sa m\u00eb shpejt q\u00eb t\u00eb jet\u00eb e mundur , p\u00ebrmes t\u00eb dh\u00ebnave tuaja q\u00eb keni l\u00ebn\u00eb n\u00eb rregull dhe do t'ju d\u00ebrgohet nj\u00eb llogaritje e plot\u00eb e importit t\u00eb automjetit t\u00eb interesit tuaj.","og_url":"https:\/\/www.davackizavozila.mk\/?product=avtomobili-al&lang=sq","og_site_name":"davackizavozila - \u043e\u0444\u0438\u0446\u0438\u0458\u0430\u043b\u043d\u0430 \u0432\u0435\u0431 \u0441\u0442\u0440\u0430\u043d\u0438\u0446\u0430","article_modified_time":"2024-01-04T09:29:21+00:00","og_image":[{"width":500,"height":386,"url":"https:\/\/www.davackizavozila.mk\/wp-content\/uploads\/2020\/01\/auto-product-image-bb-01.jpg","type":"image\/jpeg"}],"twitter_card":"summary_large_image","twitter_misc":{"Est. reading time":"1 \u043c\u0438\u043d\u0443\u0442\u0430"},"schema":{"@context":"https:\/\/schema.org","@graph":[{"@type":"WebPage","@id":"https:\/\/www.davackizavozila.mk\/?product=avtomobili-al&lang=sq","url":"https:\/\/www.davackizavozila.mk\/?product=avtomobili-al&lang=sq","name":"MAKINA - davackizavozila - \u043e\u0444\u0438\u0446\u0438\u0458\u0430\u043b\u043d\u0430 \u0432\u0435\u0431 \u0441\u0442\u0440\u0430\u043d\u0438\u0446\u0430","isPartOf":{"@id":"https:\/\/www.davackizavozila.mk\/#website"},"datePublished":"2020-01-10T13:39:46+00:00","dateModified":"2024-01-04T09:29:21+00:00","breadcrumb":{"@id":"https:\/\/www.davackizavozila.mk\/?product=avtomobili-al&lang=sq#breadcrumb"},"inLanguage":"mk-MK","potentialAction":[{"@type":"ReadAction","target":["https:\/\/www.davackizavozila.mk\/?product=avtomobili-al&lang=sq"]}]},{"@type":"BreadcrumbList","@id":"https:\/\/www.davackizavozila.mk\/?product=avtomobili-al&lang=sq#breadcrumb","itemListElement":[{"@type":"ListItem","position":1,"name":"Home","item":"https:\/\/www.davackizavozila.mk\/"},{"@type":"ListItem","position":2,"name":"\u041e\u0434\u0431\u0435\u0440\u0438 \u0432\u043e\u0437\u0438\u043b\u043e","item":"https:\/\/www.davackizavozila.mk\/?page_id=9640"},{"@type":"ListItem","position":3,"name":"MAKINA"}]},{"@type":"WebSite","@id":"https:\/\/www.davackizavozila.mk\/#website","url":"https:\/\/www.davackizavozila.mk\/","name":"davackizavozila - \u043e\u0444\u0438\u0446\u0438\u0458\u0430\u043b\u043d\u0430 \u0432\u0435\u0431 \u0441\u0442\u0440\u0430\u043d\u0438\u0446\u0430","description":"\u041d\u0430\u0458\u0442\u043e\u0447\u043d\u0430 \u043f\u0440\u0435\u0441\u043c\u0435\u0442\u043a\u0430 \u043d\u0430 \u0446\u0430\u0440\u0438\u043d\u0430 \u0437\u0430 \u0432\u043e\u0437\u0438\u043b\u0430 \u043e\u0434 \u0443\u0432\u043e\u0437 \u043f\u043e \u0413\u0435\u0440\u043c\u0430\u043d\u0441\u043a\u0438 Schwacke \u043a\u0430\u0442\u0430\u043b\u043e\u0433","publisher":{"@id":"https:\/\/www.davackizavozila.mk\/#organization"},"potentialAction":[{"@type":"SearchAction","target":{"@type":"EntryPoint","urlTemplate":"https:\/\/www.davackizavozila.mk\/?s={search_term_string}"},"query-input":"required name=search_term_string"}],"inLanguage":"mk-MK"},{"@type":"Organization","@id":"https:\/\/www.davackizavozila.mk\/#organization","name":"BB Gros Dooel","url":"https:\/\/www.davackizavozila.mk\/","logo":{"@type":"ImageObject","inLanguage":"mk-MK","@id":"https:\/\/www.davackizavozila.mk\/#\/schema\/logo\/image\/","url":"https:\/\/www.davackizavozila.mk\/wp-content\/uploads\/2021\/03\/bb-gros-logo-footer.png","contentUrl":"https:\/\/www.davackizavozila.mk\/wp-content\/uploads\/2021\/03\/bb-gros-logo-footer.png","width":269,"height":96,"caption":"BB Gros Dooel"},"image":{"@id":"https:\/\/www.davackizavozila.mk\/#\/schema\/logo\/image\/"}}]}},"_links":{"self":[{"href":"https:\/\/www.davackizavozila.mk\/index.php?rest_route=\/wp\/v2\/product\/10941","targetHints":{"allow":["GET"]}}],"collection":[{"href":"https:\/\/www.davackizavozila.mk\/index.php?rest_route=\/wp\/v2\/product"}],"about":[{"href":"https:\/\/www.davackizavozila.mk\/index.php?rest_route=\/wp\/v2\/types\/product"}],"replies":[{"embeddable":true,"href":"https:\/\/www.davackizavozila.mk\/index.php?rest_route=%2Fwp%2Fv2%2Fcomments&post=10941"}],"wp:featuredmedia":[{"embeddable":true,"href":"https:\/\/www.davackizavozila.mk\/index.php?rest_route=\/wp\/v2\/media\/23237"}],"wp:attachment":[{"href":"https:\/\/www.davackizavozila.mk\/index.php?rest_route=%2Fwp%2Fv2%2Fmedia&parent=10941"}],"wp:term":[{"taxonomy":"product_brand","embeddable":true,"href":"https:\/\/www.davackizavozila.mk\/index.php?rest_route=%2Fwp%2Fv2%2Fproduct_brand&post=10941"},{"taxonomy":"product_cat","embeddable":true,"href":"https:\/\/www.davackizavozila.mk\/index.php?rest_route=%2Fwp%2Fv2%2Fproduct_cat&post=10941"},{"taxonomy":"product_tag","embeddable":true,"href":"https:\/\/www.davackizavozila.mk\/index.php?rest_route=%2Fwp%2Fv2%2Fproduct_tag&post=10941"}],"curies":[{"name":"wp","href":"https:\/\/api.w.org\/{rel}","templated":true}]}}